{"id":91565,"date":"2022-01-04T09:54:41","date_gmt":"2022-01-04T09:54:41","guid":{"rendered":"https:\/\/themes.diviplus.io\/technical-support\/?page_id=41204"},"modified":"2025-06-17T14:06:55","modified_gmt":"2025-06-17T19:06:55","slug":"demande-de-devis","status":"publish","type":"page","link":"https:\/\/facturomax.ca\/en\/demande-de-devis\/","title":{"rendered":"Demande de devis"},"content":{"rendered":"<p>[et_pb_section fb_built=\u00a0\u00bb1&Prime; custom_padding_last_edited=\u00a0\u00bbon|tablet\u00a0\u00bb next_background_color=\u00a0\u00bb#ffffff\u00a0\u00bb _builder_version=\u00a0\u00bb4.27.4&Prime; _dynamic_attributes=\u00a0\u00bbbackground_image\u00a0\u00bb _module_preset=\u00a0\u00bbdefault\u00a0\u00bb use_background_color_gradient=\u00a0\u00bbon\u00a0\u00bb background_color_gradient_stops=\u00a0\u00bb#f5842d 0%|rgba(18,17,32,0.92) 100%\u00a0\u00bb background_color_gradient_overlays_image=\u00a0\u00bbon\u00a0\u00bb background_color_gradient_start=\u00a0\u00bbrgba(18,17,32,0.92)\u00a0\u00bb background_color_gradient_end=\u00a0\u00bbrgba(18,17,32,0.92)\u00a0\u00bb background_image=\u00a0\u00bb@ET-DC@eyJkeW5hbWljIjp0cnVlLCJjb250ZW50IjoicG9zdF9mZWF0dXJlZF9pbWFnZSIsInNldHRpbmdzIjp7fX0=@\u00a0\u00bb custom_padding=\u00a0\u00bb80px||140px||false|false\u00a0\u00bb custom_padding_tablet=\u00a0\u00bb30px||80px||false|false\u00a0\u00bb custom_padding_phone=\u00a0\u00bb30px||80px||false|false\u00a0\u00bb bottom_divider_style=\u00a0\u00bbarrow3&Prime; locked=\u00a0\u00bboff\u00a0\u00bb global_colors_info=\u00a0\u00bb{}\u00a0\u00bb][et_pb_row _builder_version=\u00a0\u00bb4.16&Prime; _module_preset=\u00a0\u00bbdefault\u00a0\u00bb custom_padding=\u00a0\u00bb50px||50px|||\u00a0\u00bb global_colors_info=\u00a0\u00bb{}\u00a0\u00bb][et_pb_column type=\u00a0\u00bb4_4&Prime; _builder_version=\u00a0\u00bb4.16&Prime; _module_preset=\u00a0\u00bbdefault\u00a0\u00bb global_colors_info=\u00a0\u00bb{}\u00a0\u00bb][et_pb_text _builder_version=\u00a0\u00bb4.16&Prime; _dynamic_attributes=\u00a0\u00bbcontent\u00a0\u00bb _module_preset=\u00a0\u00bbdefault\u00a0\u00bb header_font_size=\u00a0\u00bb63px\u00a0\u00bb background_layout=\u00a0\u00bbdark\u00a0\u00bb header_font_size_tablet=\u00a0\u00bb43px\u00a0\u00bb header_font_size_phone=\u00a0\u00bb\u00a0\u00bb header_font_size_last_edited=\u00a0\u00bbon|tablet\u00a0\u00bb global_colors_info=\u00a0\u00bb{}\u00a0\u00bb]@ET-DC@eyJkeW5hbWljIjp0cnVlLCJjb250ZW50IjoicG9zdF90aXRsZSIsInNldHRpbmdzIjp7ImJlZm9yZSI6IjxoMT4iLCJhZnRlciI6IjwvaDE+In19@[\/et_pb_text][\/et_pb_column][\/et_pb_row][\/et_pb_section][et_pb_section fb_built=\u00a0\u00bb1&Prime; _builder_version=\u00a0\u00bb4.16&Prime; _module_preset=\u00a0\u00bbdefault\u00a0\u00bb custom_padding=\u00a0\u00bb29px|||||\u00a0\u00bb global_colors_info=\u00a0\u00bb{}\u00a0\u00bb][et_pb_row custom_padding_last_edited=\u00a0\u00bbon|phone\u00a0\u00bb _builder_version=\u00a0\u00bb4.16&Prime; _module_preset=\u00a0\u00bbdefault\u00a0\u00bb custom_padding=\u00a0\u00bb50px||50px|||\u00a0\u00bb custom_padding_tablet=\u00a0\u00bb\u00a0\u00bb custom_padding_phone=\u00a0\u00bb0px||||false|false\u00a0\u00bb global_colors_info=\u00a0\u00bb{}\u00a0\u00bb][et_pb_column type=\u00a0\u00bb4_4&Prime; _builder_version=\u00a0\u00bb4.16&Prime; _module_preset=\u00a0\u00bbdefault\u00a0\u00bb global_colors_info=\u00a0\u00bb{}\u00a0\u00bb][et_pb_text _builder_version=\u00a0\u00bb4.27.4&Prime; _module_preset=\u00a0\u00bbdefault\u00a0\u00bb text_text_color=\u00a0\u00bb#f76947&Prime; text_letter_spacing=\u00a0\u00bb2px\u00a0\u00bb background_color=\u00a0\u00bb#fef0ec\u00a0\u00bb text_orientation=\u00a0\u00bbcenter\u00a0\u00bb width=\u00a0\u00bb20%\u00a0\u00bb width_tablet=\u00a0\u00bb25%\u00a0\u00bb width_phone=\u00a0\u00bb45%\u00a0\u00bb width_last_edited=\u00a0\u00bbon|tablet\u00a0\u00bb max_width=\u00a0\u00bb60%\u00a0\u00bb max_width_tablet=\u00a0\u00bb25%\u00a0\u00bb max_width_phone=\u00a0\u00bb45%\u00a0\u00bb max_width_last_edited=\u00a0\u00bbon|tablet\u00a0\u00bb module_alignment=\u00a0\u00bbcenter\u00a0\u00bb custom_margin=\u00a0\u00bb||10px||false|false\u00a0\u00bb border_radii=\u00a0\u00bbon|50px|50px|50px|50px\u00a0\u00bb global_colors_info=\u00a0\u00bb{}\u00a0\u00bb]<\/p>\n<p>Demandez votre devis gratuit<\/p>\n<p>[\/et_pb_text][\/et_pb_column][\/et_pb_row][et_pb_row column_structure=\u00a0\u00bb1_2,1_2&Prime; _builder_version=\u00a0\u00bb4.27.4&Prime; _module_preset=\u00a0\u00bbdefault\u00a0\u00bb custom_padding=\u00a0\u00bb0px|||||\u00a0\u00bb locked=\u00a0\u00bboff\u00a0\u00bb global_colors_info=\u00a0\u00bb{}\u00a0\u00bb][et_pb_column type=\u00a0\u00bb1_2&Prime; _builder_version=\u00a0\u00bb4.16&Prime; _module_preset=\u00a0\u00bbdefault\u00a0\u00bb global_colors_info=\u00a0\u00bb{}\u00a0\u00bb][et_pb_text _builder_version=\u00a0\u00bb4.27.4&Prime; _module_preset=\u00a0\u00bbdefault\u00a0\u00bb header_2_font_size=\u00a0\u00bb44px\u00a0\u00bb text_orientation=\u00a0\u00bbcenter\u00a0\u00bb custom_margin=\u00a0\u00bb||10px||false|false\u00a0\u00bb header_2_font_size_tablet=\u00a0\u00bb36px\u00a0\u00bb header_2_font_size_phone=\u00a0\u00bb28px\u00a0\u00bb header_2_font_size_last_edited=\u00a0\u00bbon|tablet\u00a0\u00bb global_colors_info=\u00a0\u00bb{}\u00a0\u00bb]<\/p>\n<h2>Formulaire de soumission<\/h2>\n<p>[\/et_pb_text][et_pb_contact_form email=\u00a0\u00bbmaxime.dugas@facturomax.ca\u00a0\u00bb custom_message=\u00a0\u00bbVous avez une nouvelle demande de devis pour Facturomax.ca||et_pb_line_break_holder||||et_pb_line_break_holder||Nom complet : %%Nom%%||et_pb_line_break_holder||Adresse courriel : %%Courriel%%||et_pb_line_break_holder||Service demand\u00e9 : %%Service%%||et_pb_line_break_holder||Nombre d&#8217;employ\u00e9s : %%Nb_employes%%||et_pb_line_break_holder||Message : %%Message%%\u00a0\u00bb success_message=\u00a0\u00bb<\/p>\n<p>Nous avons bien re\u00e7u votre demande. Nous vous reviendrons dans les plus brefs d\u00e9lais.<\/p>\n<p>\u00a0\u00bb submit_button_text=\u00a0\u00bbEnvoyer la demande\u00a0\u00bb module_id=\u00a0\u00bbformulaire_services\u00a0\u00bb _builder_version=\u00a0\u00bb4.27.4&Prime; _module_preset=\u00a0\u00bbdefault\u00a0\u00bb _unique_id=\u00a0\u00bbfa897e21-4d10-4bf5-9d3e-a7d2bba03f47&Prime; form_field_focus_text_color=\u00a0\u00bb#000000&Prime; form_field_custom_margin=\u00a0\u00bb20px|0px|20px|0px|true|true\u00a0\u00bb captcha_font_size=\u00a0\u00bb16px\u00a0\u00bb captcha_letter_spacing=\u00a0\u00bb1px\u00a0\u00bb form_field_font_size=\u00a0\u00bb16px\u00a0\u00bb width=\u00a0\u00bb100%\u00a0\u00bb hover_enabled=\u00a0\u00bb0&Prime; admin_email_subject=\u00a0\u00bbNouvelle demande de devis facturomax.ca\u00a0\u00bb admin_email_from_name=\u00a0\u00bbmaxime.dugas@facturomax.ca\u00a0\u00bb use_confirmation_email=\u00a0\u00bbon\u00a0\u00bb confirmation_email_field_id=\u00a0\u00bbCourriel\u00a0\u00bb confirmation_email_from=\u00a0\u00bbmaxime.dugas@facturomax.ca\u00a0\u00bb confirmation_replyto_address=\u00a0\u00bbmaxime.dugas@facturomax.ca\u00a0\u00bb submit_button_wait_text=\u00a0\u00bbVeuillez patienter&#8230;\u00a0\u00bb success_button_color=\u00a0\u00bb#FFFFFF\u00a0\u00bb success_button_background=\u00a0\u00bb#14583E\u00a0\u00bb success_button_border_color=\u00a0\u00bb#14583E\u00a0\u00bb file_button_color=\u00a0\u00bb#FFFFFF\u00a0\u00bb file_button_border=\u00a0\u00bbon|10px|10px|10px|10px\u00a0\u00bb file_button_border_color=\u00a0\u00bb#FFFFFF\u00a0\u00bb border_radii=\u00a0\u00bbon|10px|10px|10px|10px\u00a0\u00bb border_width_all=\u00a0\u00bb1px\u00a0\u00bb border_color_all=\u00a0\u00bb#c4c4c4&Prime; global_colors_info=\u00a0\u00bb{}\u00a0\u00bb sticky_enabled=\u00a0\u00bb0&Prime;][et_pb_contact_field field_id=\u00a0\u00bbNom\u00a0\u00bb field_title=\u00a0\u00bbNom complet\u00a0\u00bb _builder_version=\u00a0\u00bb4.27.4&Prime; global_colors_info=\u00a0\u00bb{}\u00a0\u00bb button_text_size__hover_enabled=\u00a0\u00bboff\u00a0\u00bb button_one_text_size__hover_enabled=\u00a0\u00bboff\u00a0\u00bb button_two_text_size__hover_enabled=\u00a0\u00bboff\u00a0\u00bb button_text_color__hover_enabled=\u00a0\u00bboff\u00a0\u00bb button_one_text_color__hover_enabled=\u00a0\u00bboff\u00a0\u00bb button_two_text_color__hover_enabled=\u00a0\u00bboff\u00a0\u00bb button_border_width__hover_enabled=\u00a0\u00bboff\u00a0\u00bb button_one_border_width__hover_enabled=\u00a0\u00bboff\u00a0\u00bb button_two_border_width__hover_enabled=\u00a0\u00bboff\u00a0\u00bb button_border_color__hover_enabled=\u00a0\u00bboff\u00a0\u00bb button_one_border_color__hover_enabled=\u00a0\u00bboff\u00a0\u00bb button_two_border_color__hover_enabled=\u00a0\u00bboff\u00a0\u00bb button_border_radius__hover_enabled=\u00a0\u00bboff\u00a0\u00bb button_one_border_radius__hover_enabled=\u00a0\u00bboff\u00a0\u00bb button_two_border_radius__hover_enabled=\u00a0\u00bboff\u00a0\u00bb button_letter_spacing__hover_enabled=\u00a0\u00bboff\u00a0\u00bb button_one_letter_spacing__hover_enabled=\u00a0\u00bboff\u00a0\u00bb button_two_letter_spacing__hover_enabled=\u00a0\u00bboff\u00a0\u00bb button_bg_color__hover_enabled=\u00a0\u00bboff\u00a0\u00bb button_one_bg_color__hover_enabled=\u00a0\u00bboff\u00a0\u00bb button_two_bg_color__hover_enabled=\u00a0\u00bboff\u00a0\u00bb][\/et_pb_contact_field][et_pb_contact_field field_id=\u00a0\u00bbCourriel\u00a0\u00bb field_title=\u00a0\u00bbAdresse courriel\u00a0\u00bb field_type=\u00a0\u00bbemail\u00a0\u00bb _builder_version=\u00a0\u00bb4.27.4&Prime; global_colors_info=\u00a0\u00bb{}\u00a0\u00bb button_text_size__hover_enabled=\u00a0\u00bboff\u00a0\u00bb button_one_text_size__hover_enabled=\u00a0\u00bboff\u00a0\u00bb button_two_text_size__hover_enabled=\u00a0\u00bboff\u00a0\u00bb button_text_color__hover_enabled=\u00a0\u00bboff\u00a0\u00bb button_one_text_color__hover_enabled=\u00a0\u00bboff\u00a0\u00bb button_two_text_color__hover_enabled=\u00a0\u00bboff\u00a0\u00bb button_border_width__hover_enabled=\u00a0\u00bboff\u00a0\u00bb button_one_border_width__hover_enabled=\u00a0\u00bboff\u00a0\u00bb button_two_border_width__hover_enabled=\u00a0\u00bboff\u00a0\u00bb button_border_color__hover_enabled=\u00a0\u00bboff\u00a0\u00bb button_one_border_color__hover_enabled=\u00a0\u00bboff\u00a0\u00bb button_two_border_color__hover_enabled=\u00a0\u00bboff\u00a0\u00bb button_border_radius__hover_enabled=\u00a0\u00bboff\u00a0\u00bb button_one_border_radius__hover_enabled=\u00a0\u00bboff\u00a0\u00bb button_two_border_radius__hover_enabled=\u00a0\u00bboff\u00a0\u00bb button_letter_spacing__hover_enabled=\u00a0\u00bboff\u00a0\u00bb button_one_letter_spacing__hover_enabled=\u00a0\u00bboff\u00a0\u00bb button_two_letter_spacing__hover_enabled=\u00a0\u00bboff\u00a0\u00bb button_bg_color__hover_enabled=\u00a0\u00bboff\u00a0\u00bb button_one_bg_color__hover_enabled=\u00a0\u00bboff\u00a0\u00bb button_two_bg_color__hover_enabled=\u00a0\u00bboff\u00a0\u00bb][\/et_pb_contact_field][et_pb_contact_field field_id=\u00a0\u00bbService\u00a0\u00bb field_title=\u00a0\u00bbDe quel service avez-vous besoin ?\u00a0\u00bb field_type=\u00a0\u00bbselect\u00a0\u00bb select_options=\u00a0\u00bb%91{%22value%22:%22Facturation%22,%22checked%22:0,%22dragID%22:-1},{%22dragID%22:0,%22value%22:%22Service de paie%22,%22checked%22:0},{%22dragID%22:1,%22value%22:%22Tenue de livre (comptabilit\u00e9)%22,%22checked%22:0}%93&Prime; fullwidth_field=\u00a0\u00bbon\u00a0\u00bb _builder_version=\u00a0\u00bb4.27.4&Prime; _module_preset=\u00a0\u00bbdefault\u00a0\u00bb global_colors_info=\u00a0\u00bb{}\u00a0\u00bb][\/et_pb_contact_field][et_pb_contact_field field_id=\u00a0\u00bbNb_employes\u00a0\u00bb field_title=\u00a0\u00bbNombre d&#8217;employ\u00e9s\u00a0\u00bb field_type=\u00a0\u00bbselect\u00a0\u00bb select_options=\u00a0\u00bb%91{%22value%22:%221-5%22,%22checked%22:0,%22dragID%22:-1},{%22value%22:%226-15%22,%22checked%22:0,%22dragID%22:0},{%22value%22:%2216-30%22,%22checked%22:0,%22dragID%22:1},{%22value%22:%2231 et +%22,%22checked%22:0,%22dragID%22:2}%93&Prime; fullwidth_field=\u00a0\u00bbon\u00a0\u00bb conditional_logic=\u00a0\u00bbon\u00a0\u00bb conditional_logic_relation=\u00a0\u00bbon\u00a0\u00bb conditional_logic_rules=\u00a0\u00bb%91{%22field%22:%22service%22,%22condition%22:%22is%22,%22value%22:%22Service de paie%22}%93&Prime; _builder_version=\u00a0\u00bb4.27.4&Prime; _module_preset=\u00a0\u00bbdefault\u00a0\u00bb global_colors_info=\u00a0\u00bb{}\u00a0\u00bb][\/et_pb_contact_field][et_pb_contact_field field_id=\u00a0\u00bbMessage\u00a0\u00bb field_title=\u00a0\u00bbMessage\u00a0\u00bb field_type=\u00a0\u00bbtext\u00a0\u00bb fullwidth_field=\u00a0\u00bbon\u00a0\u00bb _builder_version=\u00a0\u00bb4.16&Prime; global_colors_info=\u00a0\u00bb{}\u00a0\u00bb button_text_size__hover_enabled=\u00a0\u00bboff\u00a0\u00bb button_one_text_size__hover_enabled=\u00a0\u00bboff\u00a0\u00bb button_two_text_size__hover_enabled=\u00a0\u00bboff\u00a0\u00bb button_text_color__hover_enabled=\u00a0\u00bboff\u00a0\u00bb button_one_text_color__hover_enabled=\u00a0\u00bboff\u00a0\u00bb button_two_text_color__hover_enabled=\u00a0\u00bboff\u00a0\u00bb button_border_width__hover_enabled=\u00a0\u00bboff\u00a0\u00bb button_one_border_width__hover_enabled=\u00a0\u00bboff\u00a0\u00bb button_two_border_width__hover_enabled=\u00a0\u00bboff\u00a0\u00bb button_border_color__hover_enabled=\u00a0\u00bboff\u00a0\u00bb button_one_border_color__hover_enabled=\u00a0\u00bboff\u00a0\u00bb button_two_border_color__hover_enabled=\u00a0\u00bboff\u00a0\u00bb button_border_radius__hover_enabled=\u00a0\u00bboff\u00a0\u00bb button_one_border_radius__hover_enabled=\u00a0\u00bboff\u00a0\u00bb button_two_border_radius__hover_enabled=\u00a0\u00bboff\u00a0\u00bb button_letter_spacing__hover_enabled=\u00a0\u00bboff\u00a0\u00bb button_one_letter_spacing__hover_enabled=\u00a0\u00bboff\u00a0\u00bb button_two_letter_spacing__hover_enabled=\u00a0\u00bboff\u00a0\u00bb button_bg_color__hover_enabled=\u00a0\u00bboff\u00a0\u00bb button_one_bg_color__hover_enabled=\u00a0\u00bboff\u00a0\u00bb button_two_bg_color__hover_enabled=\u00a0\u00bboff\u00a0\u00bb][\/et_pb_contact_field][et_pb_contact_field field_id=\u00a0\u00bbTeleversement\u00a0\u00bb field_title=\u00a0\u00bbT\u00e9l\u00e9versement de fichiers\u00a0\u00bb fullwidth_field=\u00a0\u00bbon\u00a0\u00bb _builder_version=\u00a0\u00bb4.27.4&Prime; _module_preset=\u00a0\u00bbdefault\u00a0\u00bb hover_enabled=\u00a0\u00bb0&Prime; use_file_upload=\u00a0\u00bbon\u00a0\u00bb file_size=\u00a0\u00bb2000&Prime; file_mime=\u00a0\u00bbon|on|on|off|off|off|off|off|off|off|off|off|off|off|off|off|off|off|off|off|off|off|off|off|off|off|off|off|off|off|off|off|off|off|off|off|off|off|off|off|off|off|off|off|off|off|off|off|on|off|off|off|off|off|off|off|off|on|off|off|off|off|off|on|off|off|off|on|off|off|off|off|off|on|off|off|off|off|off|off|off|off|off|off|off|off|off|off|off|off|off|off|off|off|off|off|off\u00a0\u00bb global_colors_info=\u00a0\u00bb{}\u00a0\u00bb required_mark=\u00a0\u00bboff\u00a0\u00bb sticky_enabled=\u00a0\u00bb0&Prime;][\/et_pb_contact_field][\/et_pb_contact_form][\/et_pb_column][et_pb_column type=\u00a0\u00bb1_2&Prime; _builder_version=\u00a0\u00bb4.16&Prime; _module_preset=\u00a0\u00bbdefault\u00a0\u00bb global_colors_info=\u00a0\u00bb{}\u00a0\u00bb][et_pb_image src=\u00a0\u00bbhttps:\/\/facturomax.ca\/wp-content\/uploads\/2025\/04\/office-594132_1920.jpg\u00a0\u00bb title_text=\u00a0\u00bboffice-594132_1920&Prime; _builder_version=\u00a0\u00bb4.27.4&Prime; _module_preset=\u00a0\u00bbdefault\u00a0\u00bb custom_margin=\u00a0\u00bb25px||||false|false\u00a0\u00bb border_radii=\u00a0\u00bbon|20px|20px|20px|20px\u00a0\u00bb global_colors_info=\u00a0\u00bb{}\u00a0\u00bb][\/et_pb_image][\/et_pb_column][\/et_pb_row][\/et_pb_section]<\/p>\n","protected":false},"excerpt":{"rendered":"<p>Demandez votre devis gratuitFormulaire de soumission<\/p>","protected":false},"author":1,"featured_media":19,"parent":0,"menu_order":0,"comment_status":"closed","ping_status":"closed","template":"","meta":{"_et_pb_use_builder":"on","_et_pb_old_content":"","_et_gb_content_width":"","footnotes":""},"class_list":["post-91565","page","type-page","status-publish","has-post-thumbnail","hentry"],"yoast_head":"<!-- This site is optimized with the Yoast SEO plugin v26.5 - https:\/\/yoast.com\/wordpress\/plugins\/seo\/ -->\n<title>Demande de devis pour nos services<\/title>\n<meta name=\"description\" content=\"Faites votre demande de devis d\u00e8s maintenant pour la facturation, le service de paie ou la comptabilit\u00e9 de votre entreprise \u00e0 Portneuf.\" \/>\n<meta name=\"robots\" content=\"index, follow, max-snippet:-1, max-image-preview:large, max-video-preview:-1\" \/>\n<link rel=\"canonical\" href=\"https:\/\/facturomax.ca\/en\/demande-de-devis\/\" \/>\n<meta property=\"og:locale\" content=\"en_US\" \/>\n<meta property=\"og:type\" content=\"article\" \/>\n<meta property=\"og:title\" content=\"Demande de devis pour nos services\" \/>\n<meta property=\"og:description\" content=\"Faites votre demande de devis d\u00e8s maintenant pour la facturation, le service de paie ou la comptabilit\u00e9 de votre entreprise \u00e0 Portneuf.\" \/>\n<meta property=\"og:url\" content=\"https:\/\/facturomax.ca\/en\/demande-de-devis\/\" \/>\n<meta property=\"og:site_name\" content=\"Facturomax\" \/>\n<meta property=\"article:modified_time\" content=\"2025-06-17T19:06:55+00:00\" \/>\n<meta property=\"og:image\" content=\"https:\/\/facturomax.ca\/wp-content\/uploads\/2025\/04\/diviplus-dt-header.webp\" \/>\n\t<meta property=\"og:image:width\" content=\"1920\" \/>\n\t<meta property=\"og:image:height\" content=\"964\" \/>\n\t<meta property=\"og:image:type\" content=\"image\/webp\" \/>\n<meta name=\"twitter:card\" content=\"summary_large_image\" \/>\n<meta name=\"twitter:label1\" content=\"Est. reading time\" \/>\n\t<meta name=\"twitter:data1\" content=\"1 minute\" \/>\n<script type=\"application\/ld+json\" class=\"yoast-schema-graph\">{\"@context\":\"https:\/\/schema.org\",\"@graph\":[{\"@type\":\"WebPage\",\"@id\":\"https:\/\/facturomax.ca\/demande-de-devis\/\",\"url\":\"https:\/\/facturomax.ca\/demande-de-devis\/\",\"name\":\"Demande de devis pour nos services\",\"isPartOf\":{\"@id\":\"https:\/\/facturomax.ca\/#website\"},\"primaryImageOfPage\":{\"@id\":\"https:\/\/facturomax.ca\/demande-de-devis\/#primaryimage\"},\"image\":{\"@id\":\"https:\/\/facturomax.ca\/demande-de-devis\/#primaryimage\"},\"thumbnailUrl\":\"https:\/\/facturomax.ca\/wp-content\/uploads\/2025\/04\/diviplus-dt-header.webp\",\"datePublished\":\"2022-01-04T09:54:41+00:00\",\"dateModified\":\"2025-06-17T19:06:55+00:00\",\"description\":\"Faites votre demande de devis d\u00e8s maintenant pour la facturation, le service de paie ou la comptabilit\u00e9 de votre entreprise \u00e0 Portneuf.\",\"breadcrumb\":{\"@id\":\"https:\/\/facturomax.ca\/demande-de-devis\/#breadcrumb\"},\"inLanguage\":\"en-CA\",\"potentialAction\":[{\"@type\":\"ReadAction\",\"target\":[\"https:\/\/facturomax.ca\/demande-de-devis\/\"]}]},{\"@type\":\"ImageObject\",\"inLanguage\":\"en-CA\",\"@id\":\"https:\/\/facturomax.ca\/demande-de-devis\/#primaryimage\",\"url\":\"https:\/\/facturomax.ca\/wp-content\/uploads\/2025\/04\/diviplus-dt-header.webp\",\"contentUrl\":\"https:\/\/facturomax.ca\/wp-content\/uploads\/2025\/04\/diviplus-dt-header.webp\",\"width\":1920,\"height\":964},{\"@type\":\"BreadcrumbList\",\"@id\":\"https:\/\/facturomax.ca\/demande-de-devis\/#breadcrumb\",\"itemListElement\":[{\"@type\":\"ListItem\",\"position\":1,\"name\":\"Accueil\",\"item\":\"https:\/\/facturomax.ca\/\"},{\"@type\":\"ListItem\",\"position\":2,\"name\":\"Demande de devis\"}]},{\"@type\":\"WebSite\",\"@id\":\"https:\/\/facturomax.ca\/#website\",\"url\":\"https:\/\/facturomax.ca\/\",\"name\":\"Facturomax\",\"description\":\"\",\"potentialAction\":[{\"@type\":\"SearchAction\",\"target\":{\"@type\":\"EntryPoint\",\"urlTemplate\":\"https:\/\/facturomax.ca\/?s={search_term_string}\"},\"query-input\":{\"@type\":\"PropertyValueSpecification\",\"valueRequired\":true,\"valueName\":\"search_term_string\"}}],\"inLanguage\":\"en-CA\"}]}<\/script>\n<!-- \/ Yoast SEO plugin. -->","yoast_head_json":{"title":"Demande de devis pour nos services","description":"Faites votre demande de devis d\u00e8s maintenant pour la facturation, le service de paie ou la comptabilit\u00e9 de votre entreprise \u00e0 Portneuf.","robots":{"index":"index","follow":"follow","max-snippet":"max-snippet:-1","max-image-preview":"max-image-preview:large","max-video-preview":"max-video-preview:-1"},"canonical":"https:\/\/facturomax.ca\/en\/demande-de-devis\/","og_locale":"en_US","og_type":"article","og_title":"Demande de devis pour nos services","og_description":"Faites votre demande de devis d\u00e8s maintenant pour la facturation, le service de paie ou la comptabilit\u00e9 de votre entreprise \u00e0 Portneuf.","og_url":"https:\/\/facturomax.ca\/en\/demande-de-devis\/","og_site_name":"Facturomax","article_modified_time":"2025-06-17T19:06:55+00:00","og_image":[{"width":1920,"height":964,"url":"https:\/\/facturomax.ca\/wp-content\/uploads\/2025\/04\/diviplus-dt-header.webp","type":"image\/webp"}],"twitter_card":"summary_large_image","twitter_misc":{"Est. reading time":"1 minute"},"schema":{"@context":"https:\/\/schema.org","@graph":[{"@type":"WebPage","@id":"https:\/\/facturomax.ca\/demande-de-devis\/","url":"https:\/\/facturomax.ca\/demande-de-devis\/","name":"Demande de devis pour nos services","isPartOf":{"@id":"https:\/\/facturomax.ca\/#website"},"primaryImageOfPage":{"@id":"https:\/\/facturomax.ca\/demande-de-devis\/#primaryimage"},"image":{"@id":"https:\/\/facturomax.ca\/demande-de-devis\/#primaryimage"},"thumbnailUrl":"https:\/\/facturomax.ca\/wp-content\/uploads\/2025\/04\/diviplus-dt-header.webp","datePublished":"2022-01-04T09:54:41+00:00","dateModified":"2025-06-17T19:06:55+00:00","description":"Faites votre demande de devis d\u00e8s maintenant pour la facturation, le service de paie ou la comptabilit\u00e9 de votre entreprise \u00e0 Portneuf.","breadcrumb":{"@id":"https:\/\/facturomax.ca\/demande-de-devis\/#breadcrumb"},"inLanguage":"en-CA","potentialAction":[{"@type":"ReadAction","target":["https:\/\/facturomax.ca\/demande-de-devis\/"]}]},{"@type":"ImageObject","inLanguage":"en-CA","@id":"https:\/\/facturomax.ca\/demande-de-devis\/#primaryimage","url":"https:\/\/facturomax.ca\/wp-content\/uploads\/2025\/04\/diviplus-dt-header.webp","contentUrl":"https:\/\/facturomax.ca\/wp-content\/uploads\/2025\/04\/diviplus-dt-header.webp","width":1920,"height":964},{"@type":"BreadcrumbList","@id":"https:\/\/facturomax.ca\/demande-de-devis\/#breadcrumb","itemListElement":[{"@type":"ListItem","position":1,"name":"Accueil","item":"https:\/\/facturomax.ca\/"},{"@type":"ListItem","position":2,"name":"Demande de devis"}]},{"@type":"WebSite","@id":"https:\/\/facturomax.ca\/#website","url":"https:\/\/facturomax.ca\/","name":"Facturomax","description":"","potentialAction":[{"@type":"SearchAction","target":{"@type":"EntryPoint","urlTemplate":"https:\/\/facturomax.ca\/?s={search_term_string}"},"query-input":{"@type":"PropertyValueSpecification","valueRequired":true,"valueName":"search_term_string"}}],"inLanguage":"en-CA"}]}},"_links":{"self":[{"href":"https:\/\/facturomax.ca\/en\/wp-json\/wp\/v2\/pages\/91565","targetHints":{"allow":["GET"]}}],"collection":[{"href":"https:\/\/facturomax.ca\/en\/wp-json\/wp\/v2\/pages"}],"about":[{"href":"https:\/\/facturomax.ca\/en\/wp-json\/wp\/v2\/types\/page"}],"author":[{"embeddable":true,"href":"https:\/\/facturomax.ca\/en\/wp-json\/wp\/v2\/users\/1"}],"replies":[{"embeddable":true,"href":"https:\/\/facturomax.ca\/en\/wp-json\/wp\/v2\/comments?post=91565"}],"version-history":[{"count":31,"href":"https:\/\/facturomax.ca\/en\/wp-json\/wp\/v2\/pages\/91565\/revisions"}],"predecessor-version":[{"id":100778,"href":"https:\/\/facturomax.ca\/en\/wp-json\/wp\/v2\/pages\/91565\/revisions\/100778"}],"wp:featuredmedia":[{"embeddable":true,"href":"https:\/\/facturomax.ca\/en\/wp-json\/wp\/v2\/media\/19"}],"wp:attachment":[{"href":"https:\/\/facturomax.ca\/en\/wp-json\/wp\/v2\/media?parent=91565"}],"curies":[{"name":"wp","href":"https:\/\/api.w.org\/{rel}","templated":true}]}}