{"id":91700,"date":"2022-01-04T09:54:20","date_gmt":"2022-01-04T09:54:20","guid":{"rendered":"https:\/\/themes.diviplus.io\/technical-support\/?page_id=41202"},"modified":"2025-06-06T12:41:51","modified_gmt":"2025-06-06T17:41:51","slug":"services","status":"publish","type":"page","link":"https:\/\/facturomax.ca\/en\/services\/","title":{"rendered":"Services"},"content":{"rendered":"<p>[et_pb_section fb_built=\u00a0\u00bb1&Prime; custom_padding_last_edited=\u00a0\u00bbon|tablet\u00a0\u00bb next_background_color=\u00a0\u00bb#ffffff\u00a0\u00bb _builder_version=\u00a0\u00bb4.27.4&Prime; _dynamic_attributes=\u00a0\u00bbbackground_image\u00a0\u00bb _module_preset=\u00a0\u00bbdefault\u00a0\u00bb use_background_color_gradient=\u00a0\u00bbon\u00a0\u00bb background_color_gradient_stops=\u00a0\u00bb#f5842d 0%|rgba(18,17,32,0.92) 100%\u00a0\u00bb background_color_gradient_overlays_image=\u00a0\u00bbon\u00a0\u00bb background_color_gradient_start=\u00a0\u00bbrgba(18,17,32,0.92)\u00a0\u00bb background_color_gradient_end=\u00a0\u00bbrgba(18,17,32,0.92)\u00a0\u00bb background_image=\u00a0\u00bb@ET-DC@eyJkeW5hbWljIjp0cnVlLCJjb250ZW50IjoicG9zdF9mZWF0dXJlZF9pbWFnZSIsInNldHRpbmdzIjp7fX0=@\u00a0\u00bb custom_padding=\u00a0\u00bb0px||50px||false|false\u00a0\u00bb custom_padding_tablet=\u00a0\u00bb30px||80px||false|false\u00a0\u00bb custom_padding_phone=\u00a0\u00bb30px||80px||false|false\u00a0\u00bb bottom_divider_style=\u00a0\u00bbarrow3&Prime; locked=\u00a0\u00bboff\u00a0\u00bb global_colors_info=\u00a0\u00bb{}\u00a0\u00bb][et_pb_row custom_padding_last_edited=\u00a0\u00bbon|phone\u00a0\u00bb _builder_version=\u00a0\u00bb4.27.4&Prime; _module_preset=\u00a0\u00bbdefault\u00a0\u00bb custom_padding=\u00a0\u00bb100px||100px|||\u00a0\u00bb custom_padding_tablet=\u00a0\u00bb50px||50px||false|false\u00a0\u00bb custom_padding_phone=\u00a0\u00bb50px||50px||false|false\u00a0\u00bb global_colors_info=\u00a0\u00bb{}\u00a0\u00bb][et_pb_column type=\u00a0\u00bb4_4&Prime; _builder_version=\u00a0\u00bb4.16&Prime; _module_preset=\u00a0\u00bbdefault\u00a0\u00bb global_colors_info=\u00a0\u00bb{}\u00a0\u00bb][et_pb_text _builder_version=\u00a0\u00bb4.16&Prime; _dynamic_attributes=\u00a0\u00bbcontent\u00a0\u00bb _module_preset=\u00a0\u00bbdefault\u00a0\u00bb header_font_size=\u00a0\u00bb63px\u00a0\u00bb background_layout=\u00a0\u00bbdark\u00a0\u00bb header_font_size_tablet=\u00a0\u00bb53px\u00a0\u00bb header_font_size_phone=\u00a0\u00bb53px\u00a0\u00bb header_font_size_last_edited=\u00a0\u00bbon|tablet\u00a0\u00bb global_colors_info=\u00a0\u00bb{}\u00a0\u00bb]@ET-DC@eyJkeW5hbWljIjp0cnVlLCJjb250ZW50IjoicG9zdF90aXRsZSIsInNldHRpbmdzIjp7ImJlZm9yZSI6IjxoMT4iLCJhZnRlciI6IjwvaDE+In19@[\/et_pb_text][\/et_pb_column][\/et_pb_row][\/et_pb_section][et_pb_section fb_built=\u00a0\u00bb1&Prime; _builder_version=\u00a0\u00bb4.16&Prime; _module_preset=\u00a0\u00bbdefault\u00a0\u00bb global_colors_info=\u00a0\u00bb{}\u00a0\u00bb][et_pb_row _builder_version=\u00a0\u00bb4.27.4&Prime; _module_preset=\u00a0\u00bbdefault\u00a0\u00bb custom_padding=\u00a0\u00bb0px||50px|||\u00a0\u00bb global_colors_info=\u00a0\u00bb{}\u00a0\u00bb][et_pb_column type=\u00a0\u00bb4_4&Prime; _builder_version=\u00a0\u00bb4.27.4&Prime; _module_preset=\u00a0\u00bbdefault\u00a0\u00bb global_colors_info=\u00a0\u00bb{}\u00a0\u00bb][et_pb_text _builder_version=\u00a0\u00bb4.27.4&Prime; _module_preset=\u00a0\u00bbdefault\u00a0\u00bb global_colors_info=\u00a0\u00bb{}\u00a0\u00bb]<\/p>\n<h2 role=\"heading\" aria-level=\"1\" data-ux=\"SectionHeading\" data-aid=\"CONTENT_SECTION_TITLE_RENDERED\" data-promoted-from=\"2\" data-order=\"0\" data-typography=\"HeadingBeta\" class=\"x-el x-el-h1 c1-1g c1-1h c1-1i c1-1j c1-7t c1-5a c1-5b c1-1l c1-7u c1-4f c1-b c1-c c1-7v c1-1s c1-7w c1-d c1-e c1-f c1-g\"><span data-ux=\"Element\" class=\"\">Nos services pour simplifier votre gestion d&rsquo;entreprise<\/span><\/h2>\n<div data-ux=\"ContentCards\" class=\"x-el x-el-div x-el c1-1 c1-2 c1-1o c1-1b c1-b c1-c c1-81 c1-82 c1-d c1-e c1-f c1-g c1-1 c1-2 c1-19 c1-83 c1-84 c1-85 c1-1l c1-86 c1-87 c1-88 c1-b c1-c c1-89 c1-8a c1-8b c1-8c c1-d c1-e c1-f c1-g\">\n<div data-ux=\"GridCell\" class=\"x-el x-el-div c1-1 c1-2 c1-83 c1-8d c1-8e c1-8f c1-18 c1-2n c1-8g c1-58 c1-8h c1-19 c1-b c1-c c1-8i c1-8j c1-8k c1-8l c1-8m c1-8n c1-d c1-8o c1-8p c1-e c1-f c1-g\">\n<div data-ux=\"ContentCard\" class=\"x-el x-el-div x-el c1-1 c1-2 c1-s c1-19 c1-6y c1-1a c1-1o c1-22 c1-4 c1-8q c1-8r c1-8s c1-8d c1-6m c1-1y c1-1x c1-b c1-c c1-81 c1-82 c1-d c1-e c1-f c1-g c1-1 c1-2 c1-b c1-c c1-d c1-e c1-f c1-g\"><\/div>\n<\/div>\n<\/div>\n<p>[\/et_pb_text][\/et_pb_column][\/et_pb_row][et_pb_row column_structure=\u00a0\u00bb1_3,1_3,1_3&Prime; _builder_version=\u00a0\u00bb4.16&Prime; _module_preset=\u00a0\u00bbdefault\u00a0\u00bb custom_padding=\u00a0\u00bb0px||50px|||\u00a0\u00bb global_colors_info=\u00a0\u00bb{}\u00a0\u00bb][et_pb_column type=\u00a0\u00bb1_3&Prime; _builder_version=\u00a0\u00bb4.16&Prime; _module_preset=\u00a0\u00bbdefault\u00a0\u00bb background_color=\u00a0\u00bb#f5f7f4&Prime; custom_padding=\u00a0\u00bb30px|30px|30px|30px|true|true\u00a0\u00bb border_radii=\u00a0\u00bbon|10px|10px|10px|10px\u00a0\u00bb box_shadow_style=\u00a0\u00bbpreset1&Prime; box_shadow_color=\u00a0\u00bbrgba(0,0,0,0.11)\u00a0\u00bb global_colors_info=\u00a0\u00bb{}\u00a0\u00bb][et_pb_image src=\u00a0\u00bbhttps:\/\/facturomax.ca\/wp-content\/uploads\/2025\/04\/dpes-bg-hero-section.webp\u00a0\u00bb title_text=\u00a0\u00bbdpes-bg-hero-section\u00a0\u00bb _builder_version=\u00a0\u00bb4.27.4&Prime; _module_preset=\u00a0\u00bbdefault\u00a0\u00bb global_colors_info=\u00a0\u00bb{}\u00a0\u00bb][\/et_pb_image][et_pb_blurb title=\u00a0\u00bbService de facturation\u00a0\u00bb image_icon_background_color=\u00a0\u00bbRGBA(255,255,255,0)\u00a0\u00bb image_icon_width=\u00a0\u00bb40px\u00a0\u00bb icon_alignment=\u00a0\u00bbleft\u00a0\u00bb _builder_version=\u00a0\u00bb4.27.4&Prime; _module_preset=\u00a0\u00bbdefault\u00a0\u00bb header_font_size=\u00a0\u00bb24px\u00a0\u00bb image_icon_custom_padding=\u00a0\u00bb12px|12px|12px|12px|true|true\u00a0\u00bb custom_css_blurb_image=\u00a0\u00bbbox-shadow: 0px 22px 18px 0px rgb(0 0 0 \/ 22%);||border-radius: 50%;\u00a0\u00bb global_colors_info=\u00a0\u00bb{}\u00a0\u00bb]<\/p>\n<p><span>Ce que nous faisons :<\/span><\/p>\n<ul>\n<li>Gestion compl\u00e8te des factures et encaissements<\/li>\n<li>Suivi des \u00e9tats de compte et relance des paiements<\/li>\n<li>Gestion des adresses courriels et communication avec les clients<\/li>\n<li>Remises de taxes (TPS\/TVQ) et DAS<\/li>\n<\/ul>\n<p>Pourquoi choisir ce service ?<\/p>\n<p>\u2705 R\u00e9duction des d\u00e9lais de paiement<\/p>\n<p>\u2705 Processus optimis\u00e9 sans erreur<\/p>\n<p>[\/et_pb_blurb][\/et_pb_column][et_pb_column type=\u00a0\u00bb1_3&Prime; _builder_version=\u00a0\u00bb4.16&Prime; _module_preset=\u00a0\u00bbdefault\u00a0\u00bb background_color=\u00a0\u00bb#f5f7f4&Prime; custom_padding=\u00a0\u00bb30px|30px|30px|30px|true|true\u00a0\u00bb border_radii=\u00a0\u00bbon|10px|10px|10px|10px\u00a0\u00bb box_shadow_style=\u00a0\u00bbpreset1&Prime; box_shadow_color=\u00a0\u00bbrgba(0,0,0,0.11)\u00a0\u00bb global_colors_info=\u00a0\u00bb{}\u00a0\u00bb][et_pb_image src=\u00a0\u00bbhttps:\/\/facturomax.ca\/wp-content\/uploads\/2025\/04\/rsw_388h_194cg_true.webp\u00a0\u00bb title_text=\u00a0\u00bbrs=w_388,h_194,cg_true\u00a0\u00bb _builder_version=\u00a0\u00bb4.27.4&Prime; _module_preset=\u00a0\u00bbdefault\u00a0\u00bb global_colors_info=\u00a0\u00bb{}\u00a0\u00bb][\/et_pb_image][et_pb_blurb title=\u00a0\u00bbService de paie\u00a0\u00bb image_icon_background_color=\u00a0\u00bb#7dca45&Prime; image_icon_width=\u00a0\u00bb40px\u00a0\u00bb icon_alignment=\u00a0\u00bbleft\u00a0\u00bb _builder_version=\u00a0\u00bb4.27.4&Prime; _module_preset=\u00a0\u00bbdefault\u00a0\u00bb header_font_size=\u00a0\u00bb24px\u00a0\u00bb image_icon_custom_padding=\u00a0\u00bb12px|12px|12px|12px|true|true\u00a0\u00bb custom_css_blurb_image=\u00a0\u00bbbox-shadow: 0px 22px 18px 0px rgb(0 0 0 \/ 22%);||border-radius: 50%;\u00a0\u00bb border_radii_image=\u00a0\u00bbon|50px|50px|50px|50px\u00a0\u00bb global_colors_info=\u00a0\u00bb{}\u00a0\u00bb]<\/p>\n<p>Ce que nous faisons :<\/p>\n<ul>\n<li>Traitement des paies et calcul des retenues<\/li>\n<li>Remise des DAS et production des talons de paie<\/li>\n<li>Mise en place des d\u00e9p\u00f4ts directs pour les employ\u00e9s<\/li>\n<\/ul>\n<p>Pourquoi choisir ce service ?<\/p>\n<p>\u2705 Conformit\u00e9 avec les normes fiscales<\/p>\n<p>\u2705 S\u00e9curit\u00e9 et fiabilit\u00e9 des paiements<\/p>\n<p>[\/et_pb_blurb][\/et_pb_column][et_pb_column type=\u00a0\u00bb1_3&Prime; _builder_version=\u00a0\u00bb4.16&Prime; _module_preset=\u00a0\u00bbdefault\u00a0\u00bb background_color=\u00a0\u00bb#f5f7f4&Prime; custom_padding=\u00a0\u00bb30px|30px|30px|30px|true|true\u00a0\u00bb border_radii=\u00a0\u00bbon|10px|10px|10px|10px\u00a0\u00bb box_shadow_style=\u00a0\u00bbpreset1&Prime; box_shadow_color=\u00a0\u00bbrgba(0,0,0,0.11)\u00a0\u00bb global_colors_info=\u00a0\u00bb{}\u00a0\u00bb][et_pb_image src=\u00a0\u00bbhttps:\/\/facturomax.ca\/wp-content\/uploads\/2025\/04\/Comptabilite.webp\u00a0\u00bb title_text=\u00a0\u00bbComptabilit\u00e9\u00a0\u00bb _builder_version=\u00a0\u00bb4.27.4&Prime; _module_preset=\u00a0\u00bbdefault\u00a0\u00bb global_colors_info=\u00a0\u00bb{}\u00a0\u00bb][\/et_pb_image][et_pb_blurb title=\u00a0\u00bbComptabilit\u00e9\/Tenue de livres\u00a0\u00bb image_icon_background_color=\u00a0\u00bb#7dca45&Prime; image_icon_width=\u00a0\u00bb40px\u00a0\u00bb icon_alignment=\u00a0\u00bbleft\u00a0\u00bb _builder_version=\u00a0\u00bb4.27.4&Prime; _module_preset=\u00a0\u00bbdefault\u00a0\u00bb header_font_size=\u00a0\u00bb24px\u00a0\u00bb image_icon_custom_padding=\u00a0\u00bb12px|12px|12px|12px|true|true\u00a0\u00bb custom_css_blurb_image=\u00a0\u00bbbox-shadow: 0px 22px 18px 0px rgb(0 0 0 \/ 22%);||border-radius: 50%;\u00a0\u00bb border_radii_image=\u00a0\u00bbon|50px|50px|50px|50px\u00a0\u00bb global_colors_info=\u00a0\u00bb{}\u00a0\u00bb]<\/p>\n<p><span>Ce que nous faisons :<\/span><\/p>\n<ul>\n<li>Gestion des comptes clients et fournisseurs<\/li>\n<li>Conciliation bancaire et suivi des transactions<\/li>\n<li>D\u00e9clarations fiscales et remises de taxes<\/li>\n<\/ul>\n<p>Pourquoi choisir ce service ?<\/p>\n<p>\u2705 Un suivi financier clair et pr\u00e9cis<\/p>\n<p>\u2705 Gagnez du temps et \u00e9vitez les erreurs<\/p>\n<p>[\/et_pb_blurb][\/et_pb_column][\/et_pb_row][et_pb_row column_structure=\u00a0\u00bb1_2,1_2&Prime; custom_padding_last_edited=\u00a0\u00bbon|phone\u00a0\u00bb _builder_version=\u00a0\u00bb4.27.4&Prime; _module_preset=\u00a0\u00bbdefault\u00a0\u00bb custom_padding=\u00a0\u00bb50px||60px|||\u00a0\u00bb custom_padding_tablet=\u00a0\u00bb50px||60px|||\u00a0\u00bb custom_padding_phone=\u00a0\u00bb50px||50px||false|false\u00a0\u00bb global_colors_info=\u00a0\u00bb{}\u00a0\u00bb][et_pb_column type=\u00a0\u00bb1_2&Prime; _builder_version=\u00a0\u00bb4.27.4&Prime; _module_preset=\u00a0\u00bbdefault\u00a0\u00bb global_colors_info=\u00a0\u00bb{}\u00a0\u00bb][et_pb_button button_text=\u00a0\u00bbDemander un devis\u00a0\u00bb button_alignment=\u00a0\u00bbright\u00a0\u00bb button_alignment_tablet=\u00a0\u00bbcenter\u00a0\u00bb button_alignment_phone=\u00a0\u00bbcenter\u00a0\u00bb button_alignment_last_edited=\u00a0\u00bbon|tablet\u00a0\u00bb _builder_version=\u00a0\u00bb4.27.4&Prime; _module_preset=\u00a0\u00bbdefault\u00a0\u00bb custom_button=\u00a0\u00bbon\u00a0\u00bb button_text_size=\u00a0\u00bb20px\u00a0\u00bb button_border_width=\u00a0\u00bb10px\u00a0\u00bb custom_margin_tablet=\u00a0\u00bb|0px|||false|false\u00a0\u00bb custom_margin_phone=\u00a0\u00bb|32px|||false|false\u00a0\u00bb custom_margin_last_edited=\u00a0\u00bbon|phone\u00a0\u00bb global_colors_info=\u00a0\u00bb{}\u00a0\u00bb][\/et_pb_button][\/et_pb_column][et_pb_column type=\u00a0\u00bb1_2&Prime; _builder_version=\u00a0\u00bb4.27.4&Prime; _module_preset=\u00a0\u00bbdefault\u00a0\u00bb global_colors_info=\u00a0\u00bb{}\u00a0\u00bb][et_pb_button button_text=\u00a0\u00bbPrendre rendez-vous\u00a0\u00bb button_alignment=\u00a0\u00bbleft\u00a0\u00bb button_alignment_tablet=\u00a0\u00bbcenter\u00a0\u00bb button_alignment_phone=\u00a0\u00bbcenter\u00a0\u00bb button_alignment_last_edited=\u00a0\u00bbon|tablet\u00a0\u00bb _builder_version=\u00a0\u00bb4.27.4&Prime; _module_preset=\u00a0\u00bbdefault\u00a0\u00bb custom_button=\u00a0\u00bbon\u00a0\u00bb button_text_size=\u00a0\u00bb20px\u00a0\u00bb button_border_width=\u00a0\u00bb10px\u00a0\u00bb custom_margin_tablet=\u00a0\u00bb\u00a0\u00bb custom_margin_phone=\u00a0\u00bb|0px||35px|false|false\u00a0\u00bb custom_margin_last_edited=\u00a0\u00bbon|phone\u00a0\u00bb hover_enabled=\u00a0\u00bb0&Prime; global_colors_info=\u00a0\u00bb{}\u00a0\u00bb button_url=\u00a0\u00bbhttps:\/\/outlook.office365.com\/owa\/calendar\/Facturomax@facturomax.ca\/bookings\/\u00a0\u00bb url_new_window=\u00a0\u00bbon\u00a0\u00bb sticky_enabled=\u00a0\u00bb0&Prime;][\/et_pb_button][\/et_pb_column][\/et_pb_row][\/et_pb_section]<\/p>\n","protected":false},"excerpt":{"rendered":"<p>Nos services pour simplifier votre gestion d&rsquo;entreprise Ce que nous faisons : Gestion compl\u00e8te des factures et encaissements Suivi des \u00e9tats de compte et relance des paiements Gestion des adresses courriels et communication avec les clients Remises de taxes (TPS\/TVQ) et DAS Pourquoi choisir ce service ? \u2705 R\u00e9duction des d\u00e9lais de paiement \u2705 Processus [&hellip;]<\/p>\n","protected":false},"author":1,"featured_media":100189,"parent":0,"menu_order":0,"comment_status":"closed","ping_status":"closed","template":"","meta":{"_et_pb_use_builder":"on","_et_pb_old_content":"","_et_gb_content_width":"","footnotes":""},"class_list":["post-91700","page","type-page","status-publish","has-post-thumbnail","hentry"],"yoast_head":"<!-- This site is optimized with the Yoast SEO plugin v26.5 - https:\/\/yoast.com\/wordpress\/plugins\/seo\/ -->\n<title>Services de gestion pour votre entreprise<\/title>\n<meta name=\"description\" content=\"Tous les services de gestion pour votre entreprise, de la facturation \u00e0 la comptabilit\u00e9, en passant par la tenue de livres.\" \/>\n<meta name=\"robots\" content=\"index, follow, max-snippet:-1, max-image-preview:large, max-video-preview:-1\" \/>\n<link rel=\"canonical\" href=\"https:\/\/facturomax.ca\/en\/services\/\" \/>\n<meta property=\"og:locale\" content=\"en_US\" \/>\n<meta property=\"og:type\" content=\"article\" \/>\n<meta property=\"og:title\" content=\"Services de gestion pour votre entreprise\" \/>\n<meta property=\"og:description\" content=\"Tous les services de gestion pour votre entreprise, de la facturation \u00e0 la comptabilit\u00e9, en passant par la tenue de livres.\" \/>\n<meta property=\"og:url\" content=\"https:\/\/facturomax.ca\/en\/services\/\" \/>\n<meta property=\"og:site_name\" content=\"Facturomax\" \/>\n<meta property=\"article:modified_time\" content=\"2025-06-06T17:41:51+00:00\" \/>\n<meta property=\"og:image\" content=\"https:\/\/facturomax.ca\/wp-content\/uploads\/2025\/04\/dpes-bg-hero-section.webp\" \/>\n\t<meta property=\"og:image:width\" content=\"388\" \/>\n\t<meta property=\"og:image:height\" content=\"194\" \/>\n\t<meta property=\"og:image:type\" content=\"image\/webp\" \/>\n<meta name=\"twitter:card\" content=\"summary_large_image\" \/>\n<meta name=\"twitter:label1\" content=\"Est. reading time\" \/>\n\t<meta name=\"twitter:data1\" content=\"2 minutes\" \/>\n<script type=\"application\/ld+json\" class=\"yoast-schema-graph\">{\"@context\":\"https:\/\/schema.org\",\"@graph\":[{\"@type\":\"WebPage\",\"@id\":\"https:\/\/facturomax.ca\/services\/\",\"url\":\"https:\/\/facturomax.ca\/services\/\",\"name\":\"Services de gestion pour votre entreprise\",\"isPartOf\":{\"@id\":\"https:\/\/facturomax.ca\/#website\"},\"primaryImageOfPage\":{\"@id\":\"https:\/\/facturomax.ca\/services\/#primaryimage\"},\"image\":{\"@id\":\"https:\/\/facturomax.ca\/services\/#primaryimage\"},\"thumbnailUrl\":\"https:\/\/facturomax.ca\/wp-content\/uploads\/2025\/04\/dpes-bg-hero-section.webp\",\"datePublished\":\"2022-01-04T09:54:20+00:00\",\"dateModified\":\"2025-06-06T17:41:51+00:00\",\"description\":\"Tous les services de gestion pour votre entreprise, de la facturation \u00e0 la comptabilit\u00e9, en passant par la tenue de livres.\",\"breadcrumb\":{\"@id\":\"https:\/\/facturomax.ca\/services\/#breadcrumb\"},\"inLanguage\":\"en-CA\",\"potentialAction\":[{\"@type\":\"ReadAction\",\"target\":[\"https:\/\/facturomax.ca\/services\/\"]}]},{\"@type\":\"ImageObject\",\"inLanguage\":\"en-CA\",\"@id\":\"https:\/\/facturomax.ca\/services\/#primaryimage\",\"url\":\"https:\/\/facturomax.ca\/wp-content\/uploads\/2025\/04\/dpes-bg-hero-section.webp\",\"contentUrl\":\"https:\/\/facturomax.ca\/wp-content\/uploads\/2025\/04\/dpes-bg-hero-section.webp\",\"width\":388,\"height\":194},{\"@type\":\"BreadcrumbList\",\"@id\":\"https:\/\/facturomax.ca\/services\/#breadcrumb\",\"itemListElement\":[{\"@type\":\"ListItem\",\"position\":1,\"name\":\"Accueil\",\"item\":\"https:\/\/facturomax.ca\/\"},{\"@type\":\"ListItem\",\"position\":2,\"name\":\"Services\"}]},{\"@type\":\"WebSite\",\"@id\":\"https:\/\/facturomax.ca\/#website\",\"url\":\"https:\/\/facturomax.ca\/\",\"name\":\"Facturomax\",\"description\":\"\",\"potentialAction\":[{\"@type\":\"SearchAction\",\"target\":{\"@type\":\"EntryPoint\",\"urlTemplate\":\"https:\/\/facturomax.ca\/?s={search_term_string}\"},\"query-input\":{\"@type\":\"PropertyValueSpecification\",\"valueRequired\":true,\"valueName\":\"search_term_string\"}}],\"inLanguage\":\"en-CA\"}]}<\/script>\n<!-- \/ Yoast SEO plugin. -->","yoast_head_json":{"title":"Services de gestion pour votre entreprise","description":"Tous les services de gestion pour votre entreprise, de la facturation \u00e0 la comptabilit\u00e9, en passant par la tenue de livres.","robots":{"index":"index","follow":"follow","max-snippet":"max-snippet:-1","max-image-preview":"max-image-preview:large","max-video-preview":"max-video-preview:-1"},"canonical":"https:\/\/facturomax.ca\/en\/services\/","og_locale":"en_US","og_type":"article","og_title":"Services de gestion pour votre entreprise","og_description":"Tous les services de gestion pour votre entreprise, de la facturation \u00e0 la comptabilit\u00e9, en passant par la tenue de livres.","og_url":"https:\/\/facturomax.ca\/en\/services\/","og_site_name":"Facturomax","article_modified_time":"2025-06-06T17:41:51+00:00","og_image":[{"width":388,"height":194,"url":"https:\/\/facturomax.ca\/wp-content\/uploads\/2025\/04\/dpes-bg-hero-section.webp","type":"image\/webp"}],"twitter_card":"summary_large_image","twitter_misc":{"Est. reading time":"2 minutes"},"schema":{"@context":"https:\/\/schema.org","@graph":[{"@type":"WebPage","@id":"https:\/\/facturomax.ca\/services\/","url":"https:\/\/facturomax.ca\/services\/","name":"Services de gestion pour votre entreprise","isPartOf":{"@id":"https:\/\/facturomax.ca\/#website"},"primaryImageOfPage":{"@id":"https:\/\/facturomax.ca\/services\/#primaryimage"},"image":{"@id":"https:\/\/facturomax.ca\/services\/#primaryimage"},"thumbnailUrl":"https:\/\/facturomax.ca\/wp-content\/uploads\/2025\/04\/dpes-bg-hero-section.webp","datePublished":"2022-01-04T09:54:20+00:00","dateModified":"2025-06-06T17:41:51+00:00","description":"Tous les services de gestion pour votre entreprise, de la facturation \u00e0 la comptabilit\u00e9, en passant par la tenue de livres.","breadcrumb":{"@id":"https:\/\/facturomax.ca\/services\/#breadcrumb"},"inLanguage":"en-CA","potentialAction":[{"@type":"ReadAction","target":["https:\/\/facturomax.ca\/services\/"]}]},{"@type":"ImageObject","inLanguage":"en-CA","@id":"https:\/\/facturomax.ca\/services\/#primaryimage","url":"https:\/\/facturomax.ca\/wp-content\/uploads\/2025\/04\/dpes-bg-hero-section.webp","contentUrl":"https:\/\/facturomax.ca\/wp-content\/uploads\/2025\/04\/dpes-bg-hero-section.webp","width":388,"height":194},{"@type":"BreadcrumbList","@id":"https:\/\/facturomax.ca\/services\/#breadcrumb","itemListElement":[{"@type":"ListItem","position":1,"name":"Accueil","item":"https:\/\/facturomax.ca\/"},{"@type":"ListItem","position":2,"name":"Services"}]},{"@type":"WebSite","@id":"https:\/\/facturomax.ca\/#website","url":"https:\/\/facturomax.ca\/","name":"Facturomax","description":"","potentialAction":[{"@type":"SearchAction","target":{"@type":"EntryPoint","urlTemplate":"https:\/\/facturomax.ca\/?s={search_term_string}"},"query-input":{"@type":"PropertyValueSpecification","valueRequired":true,"valueName":"search_term_string"}}],"inLanguage":"en-CA"}]}},"_links":{"self":[{"href":"https:\/\/facturomax.ca\/en\/wp-json\/wp\/v2\/pages\/91700","targetHints":{"allow":["GET"]}}],"collection":[{"href":"https:\/\/facturomax.ca\/en\/wp-json\/wp\/v2\/pages"}],"about":[{"href":"https:\/\/facturomax.ca\/en\/wp-json\/wp\/v2\/types\/page"}],"author":[{"embeddable":true,"href":"https:\/\/facturomax.ca\/en\/wp-json\/wp\/v2\/users\/1"}],"replies":[{"embeddable":true,"href":"https:\/\/facturomax.ca\/en\/wp-json\/wp\/v2\/comments?post=91700"}],"version-history":[{"count":23,"href":"https:\/\/facturomax.ca\/en\/wp-json\/wp\/v2\/pages\/91700\/revisions"}],"predecessor-version":[{"id":100745,"href":"https:\/\/facturomax.ca\/en\/wp-json\/wp\/v2\/pages\/91700\/revisions\/100745"}],"wp:featuredmedia":[{"embeddable":true,"href":"https:\/\/facturomax.ca\/en\/wp-json\/wp\/v2\/media\/100189"}],"wp:attachment":[{"href":"https:\/\/facturomax.ca\/en\/wp-json\/wp\/v2\/media?parent=91700"}],"curies":[{"name":"wp","href":"https:\/\/api.w.org\/{rel}","templated":true}]}}