{"id":95312,"date":"2022-01-04T09:53:59","date_gmt":"2022-01-04T09:53:59","guid":{"rendered":"https:\/\/themes.diviplus.io\/technical-support\/?page_id=41200"},"modified":"2025-06-06T13:42:37","modified_gmt":"2025-06-06T18:42:37","slug":"a-propos-de-votre-entrepreneur-en-soutien-administratif","status":"publish","type":"page","link":"https:\/\/facturomax.ca\/en\/a-propos-de-votre-entrepreneur-en-soutien-administratif\/","title":{"rendered":"About Us"},"content":{"rendered":"<p>[et_pb_section fb_built=\u00a0\u00bb1&Prime; custom_padding_last_edited=\u00a0\u00bbon|tablet\u00a0\u00bb next_background_color=\u00a0\u00bb#ffffff\u00a0\u00bb _builder_version=\u00a0\u00bb4.27.4&Prime; _dynamic_attributes=\u00a0\u00bbbackground_image\u00a0\u00bb _module_preset=\u00a0\u00bbdefault\u00a0\u00bb use_background_color_gradient=\u00a0\u00bbon\u00a0\u00bb background_color_gradient_stops=\u00a0\u00bb#f5842d 0%|rgba(18,17,32,0.92) 100%\u00a0\u00bb background_color_gradient_overlays_image=\u00a0\u00bbon\u00a0\u00bb background_color_gradient_start=\u00a0\u00bbrgba(18,17,32,0.92)\u00a0\u00bb background_color_gradient_end=\u00a0\u00bbrgba(18,17,32,0.92)\u00a0\u00bb background_image=\u00a0\u00bb@ET-DC@eyJkeW5hbWljIjp0cnVlLCJjb250ZW50IjoicG9zdF9mZWF0dXJlZF9pbWFnZSIsInNldHRpbmdzIjp7fX0=@\u00a0\u00bb custom_padding=\u00a0\u00bb0px||50px||false|false\u00a0\u00bb custom_padding_tablet=\u00a0\u00bb30px||80px||false|false\u00a0\u00bb custom_padding_phone=\u00a0\u00bb30px||80px||false|false\u00a0\u00bb bottom_divider_style=\u00a0\u00bbarrow3&Prime; global_colors_info=\u00a0\u00bb{}\u00a0\u00bb][et_pb_row custom_padding_last_edited=\u00a0\u00bbon|phone\u00a0\u00bb _builder_version=\u00a0\u00bb4.27.4&Prime; _module_preset=\u00a0\u00bbdefault\u00a0\u00bb custom_padding=\u00a0\u00bb100px||100px|||\u00a0\u00bb custom_padding_tablet=\u00a0\u00bb50px||50px||false|false\u00a0\u00bb custom_padding_phone=\u00a0\u00bb50px||50px||false|false\u00a0\u00bb global_colors_info=\u00a0\u00bb{}\u00a0\u00bb][et_pb_column type=\u00a0\u00bb4_4&Prime; _builder_version=\u00a0\u00bb4.16&Prime; _module_preset=\u00a0\u00bbdefault\u00a0\u00bb global_colors_info=\u00a0\u00bb{}\u00a0\u00bb][et_pb_text _builder_version=\u00a0\u00bb4.16&Prime; _dynamic_attributes=\u00a0\u00bbcontent\u00a0\u00bb _module_preset=\u00a0\u00bbdefault\u00a0\u00bb header_font_size=\u00a0\u00bb63px\u00a0\u00bb background_layout=\u00a0\u00bbdark\u00a0\u00bb header_font_size_tablet=\u00a0\u00bb53px\u00a0\u00bb header_font_size_phone=\u00a0\u00bb43px\u00a0\u00bb header_font_size_last_edited=\u00a0\u00bbon|tablet\u00a0\u00bb global_colors_info=\u00a0\u00bb{}\u00a0\u00bb]@ET-DC@eyJkeW5hbWljIjp0cnVlLCJjb250ZW50IjoicG9zdF90aXRsZSIsInNldHRpbmdzIjp7ImJlZm9yZSI6IjxoMT4iLCJhZnRlciI6IjwvaDE+In19@[\/et_pb_text][\/et_pb_column][\/et_pb_row][\/et_pb_section][et_pb_section fb_built=\u00a0\u00bb1&Prime; custom_padding_last_edited=\u00a0\u00bbon|phone\u00a0\u00bb _builder_version=\u00a0\u00bb4.27.4&Prime; _module_preset=\u00a0\u00bbdefault\u00a0\u00bb custom_margin=\u00a0\u00bb50px||||false|false\u00a0\u00bb custom_margin_tablet=\u00a0\u00bb30px||||false|false\u00a0\u00bb custom_margin_phone=\u00a0\u00bb0px||0px||false|false\u00a0\u00bb custom_margin_last_edited=\u00a0\u00bbon|tablet\u00a0\u00bb custom_padding=\u00a0\u00bb50px||100px||false|false\u00a0\u00bb custom_padding_tablet=\u00a0\u00bb||||false|false\u00a0\u00bb custom_padding_phone=\u00a0\u00bb||0px||false|false\u00a0\u00bb global_colors_info=\u00a0\u00bb{}\u00a0\u00bb][et_pb_row column_structure=\u00a0\u00bb3_5,2_5&Prime; use_custom_gutter=\u00a0\u00bbon\u00a0\u00bb gutter_width=\u00a0\u00bb1&Prime; make_equal=\u00a0\u00bbon\u00a0\u00bb _builder_version=\u00a0\u00bb4.27.4&Prime; _module_preset=\u00a0\u00bbdefault\u00a0\u00bb custom_padding=\u00a0\u00bb0px||0px||true|false\u00a0\u00bb global_colors_info=\u00a0\u00bb{}\u00a0\u00bb][et_pb_column type=\u00a0\u00bb3_5&Prime; _builder_version=\u00a0\u00bb4.16&Prime; _module_preset=\u00a0\u00bbdefault\u00a0\u00bb background_enable_color=\u00a0\u00bboff\u00a0\u00bb custom_padding=\u00a0\u00bb80px|80px|80px|80px|true|true\u00a0\u00bb custom_padding_tablet=\u00a0\u00bb0px|0px|50px|0px|false|true\u00a0\u00bb custom_padding_phone=\u00a0\u00bb0px|0px|50px|0px|false|true\u00a0\u00bb custom_padding_last_edited=\u00a0\u00bbon|tablet\u00a0\u00bb global_colors_info=\u00a0\u00bb{}\u00a0\u00bb][et_pb_text _builder_version=\u00a0\u00bb4.27.4&Prime; _module_preset=\u00a0\u00bbdefault\u00a0\u00bb text_text_color=\u00a0\u00bb#f76947&Prime; text_letter_spacing=\u00a0\u00bb2px\u00a0\u00bb background_color=\u00a0\u00bb#fef0ec\u00a0\u00bb text_orientation=\u00a0\u00bbcenter\u00a0\u00bb width=\u00a0\u00bb45%\u00a0\u00bb width_tablet=\u00a0\u00bb40%\u00a0\u00bb width_phone=\u00a0\u00bb72%\u00a0\u00bb width_last_edited=\u00a0\u00bbon|tablet\u00a0\u00bb max_width=\u00a0\u00bb48%\u00a0\u00bb max_width_tablet=\u00a0\u00bb40%\u00a0\u00bb max_width_phone=\u00a0\u00bb72%\u00a0\u00bb max_width_last_edited=\u00a0\u00bbon|tablet\u00a0\u00bb module_alignment=\u00a0\u00bbleft\u00a0\u00bb custom_margin=\u00a0\u00bb||10px||false|false\u00a0\u00bb border_radii=\u00a0\u00bbon|50px|50px|50px|50px\u00a0\u00bb locked=\u00a0\u00bboff\u00a0\u00bb global_colors_info=\u00a0\u00bb{}\u00a0\u00bb]<\/p>\n<p>\u00c0 propos de nous<\/p>\n<p>[\/et_pb_text][et_pb_text _builder_version=\u00a0\u00bb4.27.4&Prime; _module_preset=\u00a0\u00bbdefault\u00a0\u00bb header_2_font_size=\u00a0\u00bb44px\u00a0\u00bb custom_margin=\u00a0\u00bb||30px||false|false\u00a0\u00bb custom_margin_tablet=\u00a0\u00bb||30px||false|false\u00a0\u00bb custom_margin_phone=\u00a0\u00bb||10px||false|false\u00a0\u00bb custom_margin_last_edited=\u00a0\u00bbon|phone\u00a0\u00bb header_2_font_size_tablet=\u00a0\u00bb36px\u00a0\u00bb header_2_font_size_phone=\u00a0\u00bb28px\u00a0\u00bb header_2_font_size_last_edited=\u00a0\u00bbon|tablet\u00a0\u00bb locked=\u00a0\u00bboff\u00a0\u00bb global_colors_info=\u00a0\u00bb{}\u00a0\u00bb]<\/p>\n<h2>Maxime Dugas<\/h2>\n<p><span>Gestionnaire et entrepreneur en soutien administratif depuis 3 ans, j\u2019ai d\u00e9velopp\u00e9 une solide expertise en facturation et en soutien administratif. Passionn\u00e9 par l\u2019optimisation des processus, ma mission est d\u2019offrir un service fiable et personnalis\u00e9, permettant aux entreprises de se concentrer sur leur croissance en toute s\u00e9r\u00e9nit\u00e9.<\/span><\/p>\n<p>[\/et_pb_text][et_pb_text _builder_version=\u00a0\u00bb4.27.4&Prime; _module_preset=\u00a0\u00bbdefault\u00a0\u00bb custom_margin=\u00a0\u00bb||50px||false|false\u00a0\u00bb global_colors_info=\u00a0\u00bb{}\u00a0\u00bb]<\/p>\n<p><span>Gestionnaire et entrepreneur en soutien administratif depuis 3 ans, j\u2019ai d\u00e9velopp\u00e9 une solide expertise en facturation et en soutien administratif. Passionn\u00e9 par l\u2019optimisation des processus, ma mission est d\u2019offrir un service fiable et personnalis\u00e9, permettant aux entreprises de se concentrer sur leur croissance en toute s\u00e9r\u00e9nit\u00e9.<\/span><\/p>\n<p>[\/et_pb_text][et_pb_text _builder_version=\u00a0\u00bb4.27.4&Prime; _module_preset=\u00a0\u00bbdefault\u00a0\u00bb text_text_color=\u00a0\u00bb#f76947&Prime; text_letter_spacing=\u00a0\u00bb2px\u00a0\u00bb background_color=\u00a0\u00bb#fef0ec\u00a0\u00bb text_orientation=\u00a0\u00bbcenter\u00a0\u00bb width=\u00a0\u00bb80%\u00a0\u00bb width_tablet=\u00a0\u00bb93%\u00a0\u00bb width_phone=\u00a0\u00bb100%\u00a0\u00bb width_last_edited=\u00a0\u00bbon|tablet\u00a0\u00bb max_width=\u00a0\u00bb80%\u00a0\u00bb max_width_tablet=\u00a0\u00bb100%\u00a0\u00bb max_width_phone=\u00a0\u00bb100%\u00a0\u00bb max_width_last_edited=\u00a0\u00bbon|phone\u00a0\u00bb module_alignment=\u00a0\u00bbleft\u00a0\u00bb custom_margin=\u00a0\u00bb||10px||false|false\u00a0\u00bb border_radii=\u00a0\u00bbon|50px|50px|50px|50px\u00a0\u00bb locked=\u00a0\u00bboff\u00a0\u00bb global_colors_info=\u00a0\u00bb{}\u00a0\u00bb]<\/p>\n<p>Pourquoi choisir un entrepreneur en soutien administratif ?<\/p>\n<p>[\/et_pb_text][et_pb_text _builder_version=\u00a0\u00bb4.27.4&Prime; _module_preset=\u00a0\u00bbdefault\u00a0\u00bb custom_margin=\u00a0\u00bb28px||30px||false|false\u00a0\u00bb global_colors_info=\u00a0\u00bb{}\u00a0\u00bb]<\/p>\n<p>Choisir Facturomax pour la facturation, la paie et la comptabilit\u00e9, c&rsquo;est choisir l&rsquo;efficacit\u00e9 et la tranquillit\u00e9 d&rsquo;esprit. Avec une interface intuitive, Facturomax simplifie la facturation, r\u00e9duisant les erreurs et \u00e9conomisant un temps pr\u00e9cieux. Vous pouvez alors consacrer ce temps \u00e0 la croissance de votre entreprise. Pour la paie, Facturomax assure conformit\u00e9 l\u00e9gale, paye exacte et ponctuelle. Cela vous \u00e9pargne les complexit\u00e9s administratives.<\/p>\n<p>Concernant la comptabilit\u00e9, le syst\u00e8me offre des outils pour le suivi financier et la gestion budg\u00e9taire. Vous obtenez une visibilit\u00e9 claire et en temps r\u00e9el de vos performances \u00e9conomiques. L&rsquo;\u00e9quipe support de Facturomax est toujours pr\u00eate \u00e0 vous aider. Elle garantit un service personnalis\u00e9 et adapt\u00e9 \u00e0 vos besoins sp\u00e9cifiques. Choisir Facturomax, c\u2019est investir dans un partenaire fiable et efficace pour r\u00e9ussir. <a href=\"https:\/\/facturomax.ca\/contact\">Contactez-nous<\/a> d\u00e8s maintenant pour obtenir plus d&rsquo;informations.<\/p>\n<p>[\/et_pb_text][et_pb_button button_url=\u00a0\u00bbhttps:\/\/outlook.office365.com\/owa\/calendar\/Facturomax@facturomax.ca\/bookings\/\u00a0\u00bb url_new_window=\u00a0\u00bbon\u00a0\u00bb button_text=\u00a0\u00bbPrendre rendez-vous\u00a0\u00bb _builder_version=\u00a0\u00bb4.27.4&Prime; _module_preset=\u00a0\u00bbdefault\u00a0\u00bb hover_enabled=\u00a0\u00bb0&Prime; locked=\u00a0\u00bboff\u00a0\u00bb global_colors_info=\u00a0\u00bb{}\u00a0\u00bb sticky_enabled=\u00a0\u00bb0&Prime;][\/et_pb_button][\/et_pb_column][et_pb_column type=\u00a0\u00bb2_5&Prime; _builder_version=\u00a0\u00bb4.27.4&Prime; _module_preset=\u00a0\u00bbdefault\u00a0\u00bb background_image=\u00a0\u00bbhttps:\/\/facturomax.ca\/wp-content\/uploads\/2025\/04\/Maxime-Dugas.webp\u00a0\u00bb parallax=\u00a0\u00bbon\u00a0\u00bb global_colors_info=\u00a0\u00bb{}\u00a0\u00bb][dipl_image_mask mask_on=\u00a0\u00bbbackground\u00a0\u00bb mask_height=\u00a0\u00bb750px\u00a0\u00bb mask_background_enable_image=\u00a0\u00bboff\u00a0\u00bb _builder_version=\u00a0\u00bb4.27.4&Prime; _module_preset=\u00a0\u00bbdefault\u00a0\u00bb overflow-x=\u00a0\u00bbvisible\u00a0\u00bb overflow-y=\u00a0\u00bbvisible\u00a0\u00bb global_colors_info=\u00a0\u00bb{}\u00a0\u00bb][dipl_image_mask_item select_element=\u00a0\u00bbsquare\u00a0\u00bb select_square_type=\u00a0\u00bbelements_square_3&Prime; element_position_top=\u00a0\u00bb-8%\u00a0\u00bb element_position_left=\u00a0\u00bb84%\u00a0\u00bb element_placement=\u00a0\u00bbdipl_elements_bottom\u00a0\u00bb element_sizing=\u00a0\u00bb160px\u00a0\u00bb enable_gradient=\u00a0\u00bbon\u00a0\u00bb grandient_color_1=\u00a0\u00bb#4B9C68&Prime; grandient_color_2=\u00a0\u00bb#F5842D\u00a0\u00bb element_position_top_tablet=\u00a0\u00bb-8%\u00a0\u00bb element_position_top_phone=\u00a0\u00bb-4%\u00a0\u00bb element_position_top_last_edited=\u00a0\u00bbon|phone\u00a0\u00bb element_sizing_tablet=\u00a0\u00bb160px\u00a0\u00bb element_sizing_phone=\u00a0\u00bb70px\u00a0\u00bb element_sizing_last_edited=\u00a0\u00bbon|phone\u00a0\u00bb _builder_version=\u00a0\u00bb4.16&Prime; _module_preset=\u00a0\u00bbdefault\u00a0\u00bb global_colors_info=\u00a0\u00bb{}\u00a0\u00bb][\/dipl_image_mask_item][\/dipl_image_mask][\/et_pb_column][\/et_pb_row][\/et_pb_section][et_pb_section fb_built=\u00a0\u00bb1&Prime; _builder_version=\u00a0\u00bb4.27.4&Prime; _module_preset=\u00a0\u00bbdefault\u00a0\u00bb background_color_gradient_start=\u00a0\u00bbrgba(18,17,32,0.82)\u00a0\u00bb background_color_gradient_end=\u00a0\u00bb#121120&Prime; background_image=\u00a0\u00bbhttps:\/\/facturomax.ca\/wp-content\/uploads\/2025\/04\/office-594132_1920.jpg\u00a0\u00bb parallax=\u00a0\u00bbon\u00a0\u00bb global_colors_info=\u00a0\u00bb{}\u00a0\u00bb][et_pb_row column_structure=\u00a0\u00bb1_2,1_2&Prime; _builder_version=\u00a0\u00bb4.16&Prime; _module_preset=\u00a0\u00bbdefault\u00a0\u00bb global_colors_info=\u00a0\u00bb{}\u00a0\u00bb][et_pb_column type=\u00a0\u00bb1_2&Prime; _builder_version=\u00a0\u00bb4.16&Prime; _module_preset=\u00a0\u00bbdefault\u00a0\u00bb background_color=\u00a0\u00bbrgba(255,255,255,0.63)\u00a0\u00bb custom_padding=\u00a0\u00bb50px|50px|50px|50px|true|true\u00a0\u00bb custom_padding_tablet=\u00a0\u00bb50px|50px|50px|50px|true|true\u00a0\u00bb custom_padding_phone=\u00a0\u00bb20px|15px|20px|15px|true|true\u00a0\u00bb custom_padding_last_edited=\u00a0\u00bbon|phone\u00a0\u00bb custom_css_main_element=\u00a0\u00bbbackdrop-filter: blur(15px);||  \u00a0\u00bb border_radii=\u00a0\u00bbon|10px|10px|10px|10px\u00a0\u00bb box_shadow_style=\u00a0\u00bbpreset3&Prime; global_colors_info=\u00a0\u00bb{}\u00a0\u00bb custom_css_main_element__hover_enabled=\u00a0\u00bboff|desktop\u00a0\u00bb][et_pb_blurb title=\u00a0\u00bbNotre mission\u00a0\u00bb use_icon=\u00a0\u00bbon\u00a0\u00bb font_icon=\u00a0\u00bb&#xf2a3;||fa||900&Prime; icon_color=\u00a0\u00bb#FFFFFF\u00a0\u00bb image_icon_background_color=\u00a0\u00bb#7dca45&Prime; image_icon_width=\u00a0\u00bb39px\u00a0\u00bb icon_alignment=\u00a0\u00bbleft\u00a0\u00bb content_max_width=\u00a0\u00bb100%\u00a0\u00bb image_icon_width_tablet=\u00a0\u00bb39px\u00a0\u00bb image_icon_width_phone=\u00a0\u00bb28px\u00a0\u00bb image_icon_width_last_edited=\u00a0\u00bbon|phone\u00a0\u00bb _builder_version=\u00a0\u00bb4.27.4&Prime; _module_preset=\u00a0\u00bbdefault\u00a0\u00bb header_font_size=\u00a0\u00bb28px\u00a0\u00bb image_icon_custom_padding=\u00a0\u00bb15px|10px|15px|10px|true|true\u00a0\u00bb custom_css_blurb_image=\u00a0\u00bbbox-shadow: 0px 22px 18px 0px rgb(0 0 0 \/ 22%);||    border-radius: 50%;\u00a0\u00bb border_radii_image=\u00a0\u00bbon|50px|50px|50px|50px\u00a0\u00bb global_colors_info=\u00a0\u00bb{}\u00a0\u00bb]<\/p>\n<p style=\"text-align: justify;\"><em class=\"x-el x-el-span c1-2b c1-2c c1-b c1-9y c1-63 c1-2k c1-9z c1-a0\">Chez Facturomax, notre mission est d&rsquo;accompagner les PME qu\u00e9b\u00e9coises en leur offrant des solutions comptables et administratives adapt\u00e9es \u00e0 leurs besoins. Nous nous engageons \u00e0 simplifier la gestion financi\u00e8re de nos clients, en leur apportant expertise, pr\u00e9cision et tranquillit\u00e9 d\u2019esprit. Avec nous, vous gagnez du temps et \u00e9vitez les erreurs, tout en respectant les normes fiscales en vigueur.<\/em><\/p>\n<p>[\/et_pb_blurb][et_pb_button button_url=\u00a0\u00bbhttps:\/\/facturomax.ca\/contact\u00a0\u00bb button_text=\u00a0\u00bbNous contacter\u00a0\u00bb _builder_version=\u00a0\u00bb4.27.4&Prime; _module_preset=\u00a0\u00bbdefault\u00a0\u00bb hover_enabled=\u00a0\u00bb0&Prime; global_colors_info=\u00a0\u00bb{}\u00a0\u00bb sticky_enabled=\u00a0\u00bb0&Prime;][\/et_pb_button][\/et_pb_column][et_pb_column type=\u00a0\u00bb1_2&Prime; _builder_version=\u00a0\u00bb4.16&Prime; _module_preset=\u00a0\u00bbdefault\u00a0\u00bb background_color=\u00a0\u00bbrgba(255,255,255,0.63)\u00a0\u00bb custom_padding=\u00a0\u00bb50px|50px|50px|50px|true|true\u00a0\u00bb custom_padding_tablet=\u00a0\u00bb50px|50px|50px|50px|true|true\u00a0\u00bb custom_padding_phone=\u00a0\u00bb20px|15px|20px|15px|true|true\u00a0\u00bb custom_padding_last_edited=\u00a0\u00bbon|phone\u00a0\u00bb custom_css_main_element=\u00a0\u00bbbackdrop-filter: blur(6px);||  \u00a0\u00bb border_radii=\u00a0\u00bbon|10px|10px|10px|10px\u00a0\u00bb box_shadow_style=\u00a0\u00bbpreset3&Prime; global_colors_info=\u00a0\u00bb{}\u00a0\u00bb custom_css_main_element__hover_enabled=\u00a0\u00bboff|desktop\u00a0\u00bb][et_pb_blurb title=\u00a0\u00bbNos Services\u00a0\u00bb use_icon=\u00a0\u00bbon\u00a0\u00bb font_icon=\u00a0\u00bb&#xf201;||fa||900&Prime; icon_color=\u00a0\u00bb#FFFFFF\u00a0\u00bb image_icon_background_color=\u00a0\u00bb#7dca45&Prime; image_icon_width=\u00a0\u00bb39px\u00a0\u00bb icon_alignment=\u00a0\u00bbleft\u00a0\u00bb content_max_width=\u00a0\u00bb100%\u00a0\u00bb image_icon_width_tablet=\u00a0\u00bb39px\u00a0\u00bb image_icon_width_phone=\u00a0\u00bb28px\u00a0\u00bb image_icon_width_last_edited=\u00a0\u00bbon|phone\u00a0\u00bb _builder_version=\u00a0\u00bb4.27.4&Prime; _module_preset=\u00a0\u00bbdefault\u00a0\u00bb header_font_size=\u00a0\u00bb28px\u00a0\u00bb image_icon_custom_padding=\u00a0\u00bb15px|15px|15px|15px|true|true\u00a0\u00bb custom_css_blurb_image=\u00a0\u00bbbox-shadow: 0px 22px 18px 0px rgb(0 0 0 \/ 22%);||    border-radius: 50%;\u00a0\u00bb border_radii_image=\u00a0\u00bbon|50px|50px|50px|50px\u00a0\u00bb global_colors_info=\u00a0\u00bb{}\u00a0\u00bb]<\/p>\n<p><em class=\"x-el x-el-span c1-2b c1-2c c1-b c1-9y c1-63 c1-2k c1-9z c1-a0\">Facturomax propose une gamme compl\u00e8te de services pour optimiser la gestion comptable et administrative des entreprises. Nos solutions incluent la tenue de livres, la pr\u00e9paration des d\u00e9clarations fiscales et le conseil financier. Nous nous assurons que votre entreprise reste conforme aux r\u00e9glementations fiscales, tout en vous aidant \u00e0 optimiser vos ressources et \u00e0 prendre des d\u00e9cisions strat\u00e9giques.<\/em><\/p>\n<p>[\/et_pb_blurb][et_pb_button button_url=\u00a0\u00bbhttps:\/\/facturomax.ca\/services\u00a0\u00bb button_text=\u00a0\u00bbD\u00e9couvrir les services\u00a0\u00bb _builder_version=\u00a0\u00bb4.27.4&Prime; _module_preset=\u00a0\u00bbdefault\u00a0\u00bb hover_enabled=\u00a0\u00bb0&Prime; global_colors_info=\u00a0\u00bb{}\u00a0\u00bb sticky_enabled=\u00a0\u00bb0&Prime;][\/et_pb_button][\/et_pb_column][\/et_pb_row][\/et_pb_section]<\/p>\n","protected":false},"excerpt":{"rendered":"<p>\u00c0 propos de nousMaxime Dugas Gestionnaire et entrepreneur en soutien administratif depuis 3 ans, j\u2019ai d\u00e9velopp\u00e9 une solide expertise en facturation et en soutien administratif. Passionn\u00e9 par l\u2019optimisation des processus, ma mission est d\u2019offrir un service fiable et personnalis\u00e9, permettant aux entreprises de se concentrer sur leur croissance en toute s\u00e9r\u00e9nit\u00e9.Gestionnaire et entrepreneur en soutien [&hellip;]<\/p>\n","protected":false},"author":1,"featured_media":19,"parent":0,"menu_order":0,"comment_status":"closed","ping_status":"closed","template":"","meta":{"_et_pb_use_builder":"on","_et_pb_old_content":"","_et_gb_content_width":"","footnotes":""},"class_list":["post-95312","page","type-page","status-publish","has-post-thumbnail","hentry"],"yoast_head":"<!-- This site is optimized with the Yoast SEO plugin v26.5 - https:\/\/yoast.com\/wordpress\/plugins\/seo\/ -->\n<title>Gestionnaire et entrepreneur en soutien administratif<\/title>\n<meta name=\"description\" content=\"Votre entrepreneur et entrepreneur en soutien administratif et en soutien administratif partout \u00e0 Qu\u00e9bec et dans la r\u00e9gion de Portneuf.\" \/>\n<meta name=\"robots\" content=\"index, follow, max-snippet:-1, max-image-preview:large, max-video-preview:-1\" \/>\n<link rel=\"canonical\" href=\"https:\/\/facturomax.ca\/en\/a-propos-de-votre-entrepreneur-en-soutien-administratif\/\" \/>\n<meta property=\"og:locale\" content=\"en_US\" \/>\n<meta property=\"og:type\" content=\"article\" \/>\n<meta property=\"og:title\" content=\"Gestionnaire et entrepreneur en soutien administratif\" \/>\n<meta property=\"og:description\" content=\"Votre entrepreneur et entrepreneur en soutien administratif et en soutien administratif partout \u00e0 Qu\u00e9bec et dans la r\u00e9gion de Portneuf.\" \/>\n<meta property=\"og:url\" content=\"https:\/\/facturomax.ca\/en\/a-propos-de-votre-entrepreneur-en-soutien-administratif\/\" \/>\n<meta property=\"og:site_name\" content=\"Facturomax\" \/>\n<meta property=\"article:modified_time\" content=\"2025-06-06T18:42:37+00:00\" \/>\n<meta property=\"og:image\" content=\"https:\/\/facturomax.ca\/wp-content\/uploads\/2025\/04\/diviplus-dt-header.webp\" \/>\n\t<meta property=\"og:image:width\" content=\"1920\" \/>\n\t<meta property=\"og:image:height\" content=\"964\" \/>\n\t<meta property=\"og:image:type\" content=\"image\/webp\" \/>\n<meta name=\"twitter:card\" content=\"summary_large_image\" \/>\n<meta name=\"twitter:label1\" content=\"Est. reading time\" \/>\n\t<meta name=\"twitter:data1\" content=\"3 minutes\" \/>\n<script type=\"application\/ld+json\" class=\"yoast-schema-graph\">{\"@context\":\"https:\/\/schema.org\",\"@graph\":[{\"@type\":\"WebPage\",\"@id\":\"https:\/\/facturomax.ca\/a-propos-de-votre-entrepreneur-en-soutien-administratif\/\",\"url\":\"https:\/\/facturomax.ca\/a-propos-de-votre-entrepreneur-en-soutien-administratif\/\",\"name\":\"Gestionnaire et entrepreneur en soutien administratif\",\"isPartOf\":{\"@id\":\"https:\/\/facturomax.ca\/#website\"},\"primaryImageOfPage\":{\"@id\":\"https:\/\/facturomax.ca\/a-propos-de-votre-entrepreneur-en-soutien-administratif\/#primaryimage\"},\"image\":{\"@id\":\"https:\/\/facturomax.ca\/a-propos-de-votre-entrepreneur-en-soutien-administratif\/#primaryimage\"},\"thumbnailUrl\":\"https:\/\/facturomax.ca\/wp-content\/uploads\/2025\/04\/diviplus-dt-header.webp\",\"datePublished\":\"2022-01-04T09:53:59+00:00\",\"dateModified\":\"2025-06-06T18:42:37+00:00\",\"description\":\"Votre entrepreneur et entrepreneur en soutien administratif et en soutien administratif partout \u00e0 Qu\u00e9bec et dans la r\u00e9gion de Portneuf.\",\"breadcrumb\":{\"@id\":\"https:\/\/facturomax.ca\/a-propos-de-votre-entrepreneur-en-soutien-administratif\/#breadcrumb\"},\"inLanguage\":\"en-CA\",\"potentialAction\":[{\"@type\":\"ReadAction\",\"target\":[\"https:\/\/facturomax.ca\/a-propos-de-votre-entrepreneur-en-soutien-administratif\/\"]}]},{\"@type\":\"ImageObject\",\"inLanguage\":\"en-CA\",\"@id\":\"https:\/\/facturomax.ca\/a-propos-de-votre-entrepreneur-en-soutien-administratif\/#primaryimage\",\"url\":\"https:\/\/facturomax.ca\/wp-content\/uploads\/2025\/04\/diviplus-dt-header.webp\",\"contentUrl\":\"https:\/\/facturomax.ca\/wp-content\/uploads\/2025\/04\/diviplus-dt-header.webp\",\"width\":1920,\"height\":964},{\"@type\":\"BreadcrumbList\",\"@id\":\"https:\/\/facturomax.ca\/a-propos-de-votre-entrepreneur-en-soutien-administratif\/#breadcrumb\",\"itemListElement\":[{\"@type\":\"ListItem\",\"position\":1,\"name\":\"Accueil\",\"item\":\"https:\/\/facturomax.ca\/\"},{\"@type\":\"ListItem\",\"position\":2,\"name\":\"\u00c0 propos\"}]},{\"@type\":\"WebSite\",\"@id\":\"https:\/\/facturomax.ca\/#website\",\"url\":\"https:\/\/facturomax.ca\/\",\"name\":\"Facturomax\",\"description\":\"\",\"potentialAction\":[{\"@type\":\"SearchAction\",\"target\":{\"@type\":\"EntryPoint\",\"urlTemplate\":\"https:\/\/facturomax.ca\/?s={search_term_string}\"},\"query-input\":{\"@type\":\"PropertyValueSpecification\",\"valueRequired\":true,\"valueName\":\"search_term_string\"}}],\"inLanguage\":\"en-CA\"}]}<\/script>\n<!-- \/ Yoast SEO plugin. -->","yoast_head_json":{"title":"Gestionnaire et entrepreneur en soutien administratif","description":"Votre entrepreneur et entrepreneur en soutien administratif et en soutien administratif partout \u00e0 Qu\u00e9bec et dans la r\u00e9gion de Portneuf.","robots":{"index":"index","follow":"follow","max-snippet":"max-snippet:-1","max-image-preview":"max-image-preview:large","max-video-preview":"max-video-preview:-1"},"canonical":"https:\/\/facturomax.ca\/en\/a-propos-de-votre-entrepreneur-en-soutien-administratif\/","og_locale":"en_US","og_type":"article","og_title":"Gestionnaire et entrepreneur en soutien administratif","og_description":"Votre entrepreneur et entrepreneur en soutien administratif et en soutien administratif partout \u00e0 Qu\u00e9bec et dans la r\u00e9gion de Portneuf.","og_url":"https:\/\/facturomax.ca\/en\/a-propos-de-votre-entrepreneur-en-soutien-administratif\/","og_site_name":"Facturomax","article_modified_time":"2025-06-06T18:42:37+00:00","og_image":[{"width":1920,"height":964,"url":"https:\/\/facturomax.ca\/wp-content\/uploads\/2025\/04\/diviplus-dt-header.webp","type":"image\/webp"}],"twitter_card":"summary_large_image","twitter_misc":{"Est. reading time":"3 minutes"},"schema":{"@context":"https:\/\/schema.org","@graph":[{"@type":"WebPage","@id":"https:\/\/facturomax.ca\/a-propos-de-votre-entrepreneur-en-soutien-administratif\/","url":"https:\/\/facturomax.ca\/a-propos-de-votre-entrepreneur-en-soutien-administratif\/","name":"Gestionnaire et entrepreneur en soutien administratif","isPartOf":{"@id":"https:\/\/facturomax.ca\/#website"},"primaryImageOfPage":{"@id":"https:\/\/facturomax.ca\/a-propos-de-votre-entrepreneur-en-soutien-administratif\/#primaryimage"},"image":{"@id":"https:\/\/facturomax.ca\/a-propos-de-votre-entrepreneur-en-soutien-administratif\/#primaryimage"},"thumbnailUrl":"https:\/\/facturomax.ca\/wp-content\/uploads\/2025\/04\/diviplus-dt-header.webp","datePublished":"2022-01-04T09:53:59+00:00","dateModified":"2025-06-06T18:42:37+00:00","description":"Votre entrepreneur et entrepreneur en soutien administratif et en soutien administratif partout \u00e0 Qu\u00e9bec et dans la r\u00e9gion de Portneuf.","breadcrumb":{"@id":"https:\/\/facturomax.ca\/a-propos-de-votre-entrepreneur-en-soutien-administratif\/#breadcrumb"},"inLanguage":"en-CA","potentialAction":[{"@type":"ReadAction","target":["https:\/\/facturomax.ca\/a-propos-de-votre-entrepreneur-en-soutien-administratif\/"]}]},{"@type":"ImageObject","inLanguage":"en-CA","@id":"https:\/\/facturomax.ca\/a-propos-de-votre-entrepreneur-en-soutien-administratif\/#primaryimage","url":"https:\/\/facturomax.ca\/wp-content\/uploads\/2025\/04\/diviplus-dt-header.webp","contentUrl":"https:\/\/facturomax.ca\/wp-content\/uploads\/2025\/04\/diviplus-dt-header.webp","width":1920,"height":964},{"@type":"BreadcrumbList","@id":"https:\/\/facturomax.ca\/a-propos-de-votre-entrepreneur-en-soutien-administratif\/#breadcrumb","itemListElement":[{"@type":"ListItem","position":1,"name":"Accueil","item":"https:\/\/facturomax.ca\/"},{"@type":"ListItem","position":2,"name":"\u00c0 propos"}]},{"@type":"WebSite","@id":"https:\/\/facturomax.ca\/#website","url":"https:\/\/facturomax.ca\/","name":"Facturomax","description":"","potentialAction":[{"@type":"SearchAction","target":{"@type":"EntryPoint","urlTemplate":"https:\/\/facturomax.ca\/?s={search_term_string}"},"query-input":{"@type":"PropertyValueSpecification","valueRequired":true,"valueName":"search_term_string"}}],"inLanguage":"en-CA"}]}},"_links":{"self":[{"href":"https:\/\/facturomax.ca\/en\/wp-json\/wp\/v2\/pages\/95312","targetHints":{"allow":["GET"]}}],"collection":[{"href":"https:\/\/facturomax.ca\/en\/wp-json\/wp\/v2\/pages"}],"about":[{"href":"https:\/\/facturomax.ca\/en\/wp-json\/wp\/v2\/types\/page"}],"author":[{"embeddable":true,"href":"https:\/\/facturomax.ca\/en\/wp-json\/wp\/v2\/users\/1"}],"replies":[{"embeddable":true,"href":"https:\/\/facturomax.ca\/en\/wp-json\/wp\/v2\/comments?post=95312"}],"version-history":[{"count":37,"href":"https:\/\/facturomax.ca\/en\/wp-json\/wp\/v2\/pages\/95312\/revisions"}],"predecessor-version":[{"id":100753,"href":"https:\/\/facturomax.ca\/en\/wp-json\/wp\/v2\/pages\/95312\/revisions\/100753"}],"wp:featuredmedia":[{"embeddable":true,"href":"https:\/\/facturomax.ca\/en\/wp-json\/wp\/v2\/media\/19"}],"wp:attachment":[{"href":"https:\/\/facturomax.ca\/en\/wp-json\/wp\/v2\/media?parent=95312"}],"curies":[{"name":"wp","href":"https:\/\/api.w.org\/{rel}","templated":true}]}}